{"id":302,"date":"2025-09-09T18:44:00","date_gmt":"2025-09-09T16:44:00","guid":{"rendered":"https:\/\/hs.zrc-sazu.si\/napovednik_predavanj\/"},"modified":"2026-04-29T09:39:09","modified_gmt":"2026-04-29T07:39:09","slug":"napovednik_predavanj","status":"publish","type":"page","link":"https:\/\/hs.zrc-sazu.si\/en\/napovednik_predavanj\/","title":{"rendered":"Upcoming Lectures"},"content":{"rendered":"\n<hr class=\"wp-block-separator has-alpha-channel-opacity\"\/>\n\n\n\n<hr class=\"wp-block-separator has-alpha-channel-opacity\"\/>\n\n\n\n<p><\/p>\n\n\n\n<p>7. 5.: Neva Makuc: Zgodovina \u010dustev na primeru novove\u0161kih dnevni\u0161kih zapiskov<\/p>\n","protected":false},"excerpt":{"rendered":"<p>7. 5.: Neva Makuc: Zgodovina \u010dustev na primeru novove\u0161kih dnevni\u0161kih zapiskov<\/p>\n","protected":false},"author":3,"featured_media":0,"parent":0,"menu_order":0,"comment_status":"closed","ping_status":"closed","template":"","meta":{"_EventAllDay":false,"_EventTimezone":"","_EventStartDate":"","_EventEndDate":"","_EventStartDateUTC":"","_EventEndDateUTC":"","_EventShowMap":false,"_EventShowMapLink":false,"_EventURL":"","_EventCost":"","_EventCostDescription":"","_EventCurrencySymbol":"","_EventCurrencyCode":"","_EventCurrencyPosition":"","_EventDateTimeSeparator":"","_EventTimeRangeSeparator":"","_EventOrganizerID":[],"_EventVenueID":[],"_OrganizerEmail":"","_OrganizerPhone":"","_OrganizerWebsite":"","_VenueAddress":"","_VenueCity":"","_VenueCountry":"","_VenueProvince":"","_VenueState":"","_VenueZip":"","_VenuePhone":"","_VenueURL":"","_VenueStateProvince":"","_VenueLat":"","_VenueLng":"","_VenueShowMap":false,"_VenueShowMapLink":false,"footnotes":""},"class_list":["post-302","page","type-page","status-publish","hentry"],"_links":{"self":[{"href":"https:\/\/hs.zrc-sazu.si\/en\/wp-json\/wp\/v2\/pages\/302","targetHints":{"allow":["GET"]}}],"collection":[{"href":"https:\/\/hs.zrc-sazu.si\/en\/wp-json\/wp\/v2\/pages"}],"about":[{"href":"https:\/\/hs.zrc-sazu.si\/en\/wp-json\/wp\/v2\/types\/page"}],"author":[{"embeddable":true,"href":"https:\/\/hs.zrc-sazu.si\/en\/wp-json\/wp\/v2\/users\/3"}],"replies":[{"embeddable":true,"href":"https:\/\/hs.zrc-sazu.si\/en\/wp-json\/wp\/v2\/comments?post=302"}],"version-history":[{"count":17,"href":"https:\/\/hs.zrc-sazu.si\/en\/wp-json\/wp\/v2\/pages\/302\/revisions"}],"predecessor-version":[{"id":912,"href":"https:\/\/hs.zrc-sazu.si\/en\/wp-json\/wp\/v2\/pages\/302\/revisions\/912"}],"wp:attachment":[{"href":"https:\/\/hs.zrc-sazu.si\/en\/wp-json\/wp\/v2\/media?parent=302"}],"curies":[{"name":"wp","href":"https:\/\/api.w.org\/{rel}","templated":true}]}}