{"id":306,"date":"2024-05-15T12:44:01","date_gmt":"2024-05-15T10:44:01","guid":{"rendered":"https:\/\/hs.zrc-sazu.si\/?page_id=306"},"modified":"2025-10-09T09:59:06","modified_gmt":"2025-10-09T07:59:06","slug":"o-nas","status":"publish","type":"page","link":"https:\/\/hs.zrc-sazu.si\/en\/o-nas\/","title":{"rendered":"About us"},"content":{"rendered":"\n<h4 class=\"wp-block-heading\"><strong>Membership of the Coordination and Editorial Committeea<\/strong><\/h4>\n\n\n\n<h3 class=\"wp-block-heading\">dr. Da\u0161a Li\u010den<\/h3>\n\n\n\n<p>Chairwoman of the Coordination Committee<br>Institute of Slovene Ethnology ZRC SAZU<br>E-mail:&nbsp;<a href=\"mailto:dasa.licen@zrc-sazu.si\">dasa.licen<\/a><a href=\"mailto:katarina.keber@zrc-sazu.si\">@zrc-sazu.si<\/a><\/p>\n\n\n\n<h3 class=\"wp-block-heading\">dr. Monika De\u017eelak Trojar<\/h3>\n\n\n\n<p>Chairwoman of the Coordination Committee<br>Institute of Slovenian Literature and Literary Studies ZRC SAZU<br>E-mail:&nbsp;<a href=\"mailto:monika.dezelak@zrc-sazu.si\">monika.dezelak<\/a><a href=\"mailto:katarina@zrc-sazu.si\">@zrc-sazu.si<\/a><\/p>\n\n\n\n<h3 class=\"wp-block-heading\">dr. Matja\u017e Ger\u0161i\u010d<\/h3>\n\n\n\n<p>Anton Melik Geographical Institute ZRC SAZU<br>E-mail:&nbsp;<a href=\"mailto:matjaz.gersic@zrc-sazu.si\">matjaz<\/a><a href=\"mailto:mojca.zagar@zrc-sazu.si\">.gersic@zrc-sazu.si<\/a><\/p>\n\n\n\n<h3 class=\"wp-block-heading\">dr. Klemen Grabnar<\/h3>\n\n\n\n<p>Institute of Musicology ZRC SAZU<br>E-mail:&nbsp;<a href=\"mailto:klemen.grabnar@zrc-sazu.si\">klemen<\/a><a href=\"mailto:mojca.zagar@zrc-sazu.si\">.grabnar@zrc-sazu.si<\/a><\/p>\n\n\n\n<h3 class=\"wp-block-heading\">Jera Oman<\/h3>\n\n\n\n<p>Fran Ramov\u0161 Institute of the Slovenian Language ZRC SAZU<br>E-mail:\u00a0<a href=\"mailto:jera.sitar@zrc-sazu.si\">jera.oman<\/a><a href=\"mailto:luka.vidmar@zrc-sazu.si\">@zrc-sazu.si<\/a><\/p>\n\n\n\n<div style=\"height:40px\" aria-hidden=\"true\" class=\"wp-block-spacer\"><\/div>\n\n\n\n<hr class=\"wp-block-separator has-alpha-channel-opacity\"\/>\n\n\n\n<div style=\"height:40px\" aria-hidden=\"true\" class=\"wp-block-spacer\"><\/div>\n\n\n\n<h4 class=\"wp-block-heading\"><strong>Membership of the Advisory Committee<\/strong><\/h4>\n\n\n\n<h3 class=\"wp-block-heading\">dr. Katarina Keber<\/h3>\n\n\n\n<p>Milko Kos Historical Institute ZRC SAZU<br>E-mail:&nbsp;<a href=\"mailto:katarina.keber@zrc-sazu.si\">katarina.keber@zrc-sazu.si<\/a><\/p>\n\n\n\n<h3 class=\"wp-block-heading\">dr. Katarina \u0160ter<\/h3>\n\n\n\n<p>Institute of Musicology ZRC SAZU<br>E-mail:&nbsp;<a href=\"mailto:katarina@zrc-sazu.si\">katarina.ster@zrc-sazu.si<\/a><\/p>\n\n\n\n<h3 class=\"wp-block-heading\">dr. Luka Vidmar<\/h3>\n\n\n\n<p>Institute of Slovenian Literature and Literary Studies ZRC SAZU<br>E-mail:&nbsp;<a href=\"mailto:luka.vidmar@zrc-sazu.si\">luka.vidmar@zrc-sazu.si<\/a><\/p>\n\n\n\n<h3 class=\"wp-block-heading\">dr. Mojca \u017dagar Karer<\/h3>\n\n\n\n<p>Fran Ramov\u0161 Institute of the Slovenian Language ZRC SAZU<br>E-mail:&nbsp;<a href=\"mailto:mojca.zagar@zrc-sazu.si\">mojca.zagar@zrc-sazu.si<\/a><\/p>\n","protected":false},"excerpt":{"rendered":"<p>Membership of the Coordination and Editorial Committeea dr. Da\u0161a Li\u010den Chairwoman of the Coordination CommitteeInstitute of Slovene Ethnology ZRC SAZUE-mail:&nbsp;dasa.licen@zrc-sazu.si dr. Monika De\u017eelak Trojar Chairwoman of the Coordination CommitteeInstitute of [&hellip;]<\/p>\n","protected":false},"author":3,"featured_media":0,"parent":0,"menu_order":0,"comment_status":"closed","ping_status":"closed","template":"","meta":{"_EventAllDay":false,"_EventTimezone":"","_EventStartDate":"","_EventEndDate":"","_EventStartDateUTC":"","_EventEndDateUTC":"","_EventShowMap":false,"_EventShowMapLink":false,"_EventURL":"","_EventCost":"","_EventCostDescription":"","_EventCurrencySymbol":"","_EventCurrencyCode":"","_EventCurrencyPosition":"","_EventDateTimeSeparator":"","_EventTimeRangeSeparator":"","_EventOrganizerID":[],"_EventVenueID":[],"_OrganizerEmail":"","_OrganizerPhone":"","_OrganizerWebsite":"","_VenueAddress":"","_VenueCity":"","_VenueCountry":"","_VenueProvince":"","_VenueState":"","_VenueZip":"","_VenuePhone":"","_VenueURL":"","_VenueStateProvince":"","_VenueLat":"","_VenueLng":"","_VenueShowMap":false,"_VenueShowMapLink":false,"footnotes":""},"class_list":["post-306","page","type-page","status-publish","hentry"],"_links":{"self":[{"href":"https:\/\/hs.zrc-sazu.si\/en\/wp-json\/wp\/v2\/pages\/306","targetHints":{"allow":["GET"]}}],"collection":[{"href":"https:\/\/hs.zrc-sazu.si\/en\/wp-json\/wp\/v2\/pages"}],"about":[{"href":"https:\/\/hs.zrc-sazu.si\/en\/wp-json\/wp\/v2\/types\/page"}],"author":[{"embeddable":true,"href":"https:\/\/hs.zrc-sazu.si\/en\/wp-json\/wp\/v2\/users\/3"}],"replies":[{"embeddable":true,"href":"https:\/\/hs.zrc-sazu.si\/en\/wp-json\/wp\/v2\/comments?post=306"}],"version-history":[{"count":3,"href":"https:\/\/hs.zrc-sazu.si\/en\/wp-json\/wp\/v2\/pages\/306\/revisions"}],"predecessor-version":[{"id":697,"href":"https:\/\/hs.zrc-sazu.si\/en\/wp-json\/wp\/v2\/pages\/306\/revisions\/697"}],"wp:attachment":[{"href":"https:\/\/hs.zrc-sazu.si\/en\/wp-json\/wp\/v2\/media?parent=306"}],"curies":[{"name":"wp","href":"https:\/\/api.w.org\/{rel}","templated":true}]}}