{"id":318,"date":"2024-05-30T20:42:56","date_gmt":"2024-05-30T18:42:56","guid":{"rendered":"https:\/\/hs.zrc-sazu.si\/?page_id=318"},"modified":"2024-12-08T17:45:56","modified_gmt":"2024-12-08T16:45:56","slug":"video-galerija","status":"publish","type":"page","link":"https:\/\/hs.zrc-sazu.si\/en\/video-galerija\/","title":{"rendered":"Video Gallery"},"content":{"rendered":"\n<figure class=\"wp-block-embed is-type-video is-provider-youtube wp-block-embed-youtube wp-embed-aspect-16-9 wp-has-aspect-ratio\"><div class=\"wp-block-embed__wrapper\">\n<iframe loading=\"lazy\" title=\"OD BLATNE CESTE V BURGUNDIJI DO KRALJEVEGA STANOVANJA V VERSAILLESU\" width=\"500\" height=\"281\" src=\"https:\/\/www.youtube.com\/embed\/2YLuilx40OI?start=25&#038;feature=oembed\" frameborder=\"0\" allow=\"accelerometer; autoplay; clipboard-write; encrypted-media; gyroscope; picture-in-picture; web-share\" referrerpolicy=\"strict-origin-when-cross-origin\" allowfullscreen><\/iframe>\n<\/div><figcaption class=\"wp-element-caption\">Luka Vidmar Od blatne ceste v Burgundiji do kraljevega stanovanja v Versaillesu: pater \u017diga \u0160kerpin v Franciji leta 1740<\/figcaption><\/figure>\n\n\n\n<figure class=\"wp-block-embed is-type-video is-provider-youtube wp-block-embed-youtube wp-embed-aspect-16-9 wp-has-aspect-ratio\"><div class=\"wp-block-embed__wrapper\">\n<iframe loading=\"lazy\" title=\"(NE)VIDNI MARKERJI PROSTORA: NEKAJ PRIMEROV \u00bbFANTOMSKIH\u00ab MEJA, NJIHOVIH OSTANKOV IN ZAPU\u0160\u010cINE\" width=\"500\" height=\"281\" src=\"https:\/\/www.youtube.com\/embed\/bk6-LPWOtHY?feature=oembed\" frameborder=\"0\" allow=\"accelerometer; autoplay; clipboard-write; encrypted-media; gyroscope; picture-in-picture; web-share\" referrerpolicy=\"strict-origin-when-cross-origin\" allowfullscreen><\/iframe>\n<\/div><figcaption class=\"wp-element-caption\">Peter Mik\u0161a&nbsp;(Ne)vidni markerji prostora: nekaj primerov &#8220;fantomskih meja, njihovih ostankov in zapu\u0161\u010dine<\/figcaption><\/figure>\n\n\n\n<figure class=\"wp-block-embed is-type-video is-provider-youtube wp-block-embed-youtube wp-embed-aspect-16-9 wp-has-aspect-ratio\"><div class=\"wp-block-embed__wrapper\">\n<iframe loading=\"lazy\" title=\"GUN SHOTS AND CAMERA SHOTS: THE VISUAL HISTORY OF THE SARAJEVO ASSASSINATON\" width=\"500\" height=\"281\" src=\"https:\/\/www.youtube.com\/embed\/v-uISUtlMlQ?feature=oembed\" frameborder=\"0\" allow=\"accelerometer; autoplay; clipboard-write; encrypted-media; gyroscope; picture-in-picture; web-share\" referrerpolicy=\"strict-origin-when-cross-origin\" allowfullscreen><\/iframe>\n<\/div><figcaption class=\"wp-element-caption\">Milo\u0161 Vojinovi\u0107&nbsp;Gun Shots and Camera Shots: The Visual History of the Sarajevo Assassination<\/figcaption><\/figure>\n","protected":false},"excerpt":{"rendered":"","protected":false},"author":3,"featured_media":0,"parent":0,"menu_order":0,"comment_status":"closed","ping_status":"closed","template":"","meta":{"_EventAllDay":false,"_EventTimezone":"","_EventStartDate":"","_EventEndDate":"","_EventStartDateUTC":"","_EventEndDateUTC":"","_EventShowMap":false,"_EventShowMapLink":false,"_EventURL":"","_EventCost":"","_EventCostDescription":"","_EventCurrencySymbol":"","_EventCurrencyCode":"","_EventCurrencyPosition":"","_EventDateTimeSeparator":"","_EventTimeRangeSeparator":"","_EventOrganizerID":[],"_EventVenueID":[],"_OrganizerEmail":"","_OrganizerPhone":"","_OrganizerWebsite":"","_VenueAddress":"","_VenueCity":"","_VenueCountry":"","_VenueProvince":"","_VenueState":"","_VenueZip":"","_VenuePhone":"","_VenueURL":"","_VenueStateProvince":"","_VenueLat":"","_VenueLng":"","_VenueShowMap":false,"_VenueShowMapLink":false,"footnotes":""},"class_list":["post-318","page","type-page","status-publish","hentry"],"_links":{"self":[{"href":"https:\/\/hs.zrc-sazu.si\/en\/wp-json\/wp\/v2\/pages\/318","targetHints":{"allow":["GET"]}}],"collection":[{"href":"https:\/\/hs.zrc-sazu.si\/en\/wp-json\/wp\/v2\/pages"}],"about":[{"href":"https:\/\/hs.zrc-sazu.si\/en\/wp-json\/wp\/v2\/types\/page"}],"author":[{"embeddable":true,"href":"https:\/\/hs.zrc-sazu.si\/en\/wp-json\/wp\/v2\/users\/3"}],"replies":[{"embeddable":true,"href":"https:\/\/hs.zrc-sazu.si\/en\/wp-json\/wp\/v2\/comments?post=318"}],"version-history":[{"count":2,"href":"https:\/\/hs.zrc-sazu.si\/en\/wp-json\/wp\/v2\/pages\/318\/revisions"}],"predecessor-version":[{"id":361,"href":"https:\/\/hs.zrc-sazu.si\/en\/wp-json\/wp\/v2\/pages\/318\/revisions\/361"}],"wp:attachment":[{"href":"https:\/\/hs.zrc-sazu.si\/en\/wp-json\/wp\/v2\/media?parent=318"}],"curies":[{"name":"wp","href":"https:\/\/api.w.org\/{rel}","templated":true}]}}