{"id":552,"date":"2024-05-30T20:51:11","date_gmt":"2024-05-30T18:51:11","guid":{"rendered":"https:\/\/hs.zrc-sazu.si\/?page_id=552"},"modified":"2025-09-23T07:21:45","modified_gmt":"2025-09-23T05:21:45","slug":"552-2","status":"publish","type":"page","link":"https:\/\/hs.zrc-sazu.si\/en\/552-2\/","title":{"rendered":"Instructions for Authors"},"content":{"rendered":"\n<p><strong>INSTRUCTIONS TO LECTURERS WHO WISH TO PUBLISH THEIR LECTURES AS ARTICLES<\/strong><\/p>\n\n\n\n<p>Typescripts should be written in <strong>MS Word <\/strong>format (font <strong>Times New Roman<\/strong>, size <strong>12<\/strong>, line spacing <strong>1,5<\/strong>). The text should be submitted <strong>without styles <\/strong>(except <strong>bold <\/strong>and <em>italics<\/em>), and it should be <strong>aligned left<\/strong>. Graphical elements should not be included in the MS Word document. Instead, they should be submitted separately in the EPS, JPG, TIF or similar standard format with a minimum 300dpi\/150lpi resolution (single colour print) or 350dpi\/175lpi (standard colour print). The position of the graphics should be indicated in the text (e. g. Plate 1: Title). All the examples and illustrations must clearly indicate the name of the site, archive or library. <strong>Permissions for the publication of the copyright-protected material are to be obtained by the authors and are their responsibility.<\/strong><\/p>\n\n\n\n<p>Typescripts should normally be submitted to peer-review in 30 days after the lecture. The typescript length is limited to <strong>45.000 characters <\/strong>with spaces, including footnotes and bibliography list. Authors should also submit an <strong>abstract <\/strong>(maximum 50 words), <strong>summary <\/strong>(maximum 300 words) and <strong>key words<\/strong>(maximum 5 key words). Manuscripts should also contain the <strong>title, abstract, summary <\/strong>and <strong>key words <\/strong>in <strong>English <\/strong>(if the article is not in English) or in Slovene (if the article is in English). Authors are entirely responsible for the language of their contributions. Author\u2019s data should be included (<strong>name and surname, academic title, profession, occupation and work-post, name and address of the institution, e-mail address<\/strong>). The text will be sent back to the author when the peer-review is finished; after that, the author should send the completed text back to the editor in three weeks.<\/p>\n\n\n\n<p><strong>The citation form should be as follows:<\/strong><\/p>\n\n\n\n<p><strong>Quotations <\/strong>in the text should be given in double qoutes \u201c \u201d.<\/p>\n\n\n\n<p><strong>Footnotes <\/strong>should be uniform, i.e. authors should use footnotes (below the line at the end of the page) rather than notes within text or endnotes. Footnotes should include brief indications with the <strong>surname of the quoted author<\/strong>, abbreviated <strong>title of the quoted work <\/strong>and the <strong>page number(s) <\/strong>(e. g. Vodopivec, <em>Od Pohlinove slovnice<\/em>, p. 10). In the case of archival materials, standard abbreviations should be used for archives, after which abbreviations of the fond or collection, signature or file or box number and the number of archival unit or the document\u2019s title should be added.<\/p>\n\n\n\n<p><strong>The examples of the citations in the footnotes for the units below are given below the line.<\/strong><\/p>\n\n\n\n<p>In the <strong>sources and bibliography <\/strong>list (the last part of the article), all sources and literature mentioned in the footnotes should be indicated alphabetically (after the surnames of the authors). Archival material, literature, newspapers, oral statements, music editions etc. should be indicated separately. Where necessary, the abbreviated indications from the footnotes should be explained.<\/p>\n\n\n\n<p>Examples (cf. <em>The Chicago Manual of Style<\/em>):<\/p>\n\n\n\n<p>SOURCES<\/p>\n\n\n\n<p><strong>Archival sources:<\/strong><\/p>\n\n\n\n<p>Arhiv Republike Slovenije (SI AS) 1080, Zbirka Muzejskega dru\u0161tva za Kranjsko, Muzejskega dru\u0161tva za Slovenijo in Histori\u010dnega dru\u0161tva za Kranjsko.<sup>1<\/sup><\/p>\n\n\n\n<p>\u00d6sterreichische Staatsarchiv (\u00d6SA), Allgemeines Verwaltungsarchiv (AVA), Ministerium des Innern.<sup>2<\/sup><\/p>\n\n\n\n<p><strong>Newspaper article:<\/strong><\/p>\n\n\n\n<p>Ogrinc, Viljem. \u201cNektere opombe k J. Jesenkovi \u2018zemljepisni za\u010detnici\u2019\u201d. <em>Slovenec<\/em>, 25 November 1865.<sup>3<\/sup><\/p>\n\n\n\n<p>LITERATURE<\/p>\n\n\n\n<p><strong>Book:<\/strong><\/p>\n\n\n\n<p>Lavri\u010d, Ana. <em>Vloga ljubljanskega \u0161kofa Toma\u017ea Hrena v slovenski likovni umetnosti<\/em>. 2 vols. Razred za zgodovinske in dru\u017ebene vede, Dela 32; Umetnostnozgodovinski in\u0161titut Franceta Steleta 1. Ljubljana: SAZU, 1988.<sup>4\u20135<\/sup><\/p>\n\n\n\n<p>Kos, Du\u0161an. <em>Zgodovina morale<\/em>. Vol. 1, <em>Ljubezen in zakonska zveza na Slovenskem med srednjim vekom in me\u0161\u010dansko dobo<\/em>. Thesaurus memoriae, Dissertationes 10. Ljubljana: Zalo\u017eba ZRC, ZRC SAZU; Zgodovinski arhiv Ljubljana, 2015. https:\/\/doi.org\/10.3986\/9789612548407.<sup>6<\/sup><\/p>\n\n\n\n<p>Kokole, Metoda, Barbara Murovec, Marjeta \u0160a\u0161el Kos and Michael Talbot, eds. <em>Mediterranean Myths from Classical Antiquity to the Eighteenth Century<\/em>. Ljubljana: Zalo\u017eba ZRC, ZRC SAZU, 2006. https:\/\/doi.org\/10.3986\/9789612541781.<sup>7<\/sup><\/p>\n\n\n\n<p><strong>Chapter in a book:<\/strong><\/p>\n\n\n\n<p>\u0160tih, Peter. \u201cThe Slavic Settlement and Ethnogenesis\u201d. In <em>The Land Between: A History of Slovenia<\/em>, 2nd ed., edited by Oto Luthar. Frankufrt am Main: Peter Lang, 2013.<sup>8<\/sup><\/p>\n\n\n\n<p><strong>Journal article:<\/strong><\/p>\n\n\n\n<p>Li\u010den, Da\u0161a. \u201cNaturwissenschaftler im Triest der sp\u00e4ten Habsburgermonarchie: eine national indifferente Insel im Get\u00f6se der zeitgen\u00f6ssischen Politik?\u201d. <em>\u00d6sterreichische Zeitschrift f\u00fcr Geschichtswissenschaften<\/em> 35, no. 2 (2024): 187\u2013210. https:\/\/doi.org\/10.25365\/oezg\u00ad2024\u00ad35\u00ad2\u00ad10.<sup>9<\/sup><\/p>\n\n\n\n<p><strong>Disertation:<\/strong><\/p>\n\n\n\n<p>De\u017eelak Trojar, Monika. \u201cJanez Ludvik Sch\u00f6nleben (1618\u20131681) v lu\u010di arhivskih virov, njegovega zgodovinskega in retori\u010dnega opusa\u201d. PhD diss., Univerza v Mariboru, 2015. https:\/\/dk.um.si\/IzpisGradiva.php?id=55468.<sup>10<\/sup><\/p>\n\n\n\n<p><strong>Website:<\/strong><\/p>\n\n\n\n<p>Adami\u010d, Alenka, and Antonija Adami\u010d Levart. \u201cBiografija Bojana Adami\u010da\u201d. Accessed 24 November 2023. http:\/\/www.bojan-adamic.si\/biografija\/. <sup>11<\/sup><\/p>\n\n\n\n<p>\u2014\u2014\u2014\u2014\u2014\u2014\u2014\u2014\u2014\u2014\u2014\u2014\u2014\u2014\u2014\u2014\u2014\u2014\u2014\u2014\u2014\u2014\u2014\u2014\u2014\u2014\u2014\u2014\u2014\u2014\u2014\u2014\u2014\u2014\u2014\u2014\u2014\u2014\u2014\u2014\u2014\u2014\u2014\u2014\u2014-<\/p>\n\n\n\n<p><sup>1<\/sup> SI AS 1080, box 8, folder 11, Civitatensia, Kr\u0161ko, mestna knjiga.<\/p>\n\n\n\n<p><sup>2<\/sup> \u00d6SA, AVA, Min. des Innern, 36\/4, box 30, no. 14779.<\/p>\n\n\n\n<p><sup>3<\/sup> Ogrinc, \u201cNektere opombe\u201d.<\/p>\n\n\n\n<p><sup>4<\/sup> Lavri\u010d, <em>Vloga ljubljanskega \u0161kofa<\/em>, 1:23.<\/p>\n\n\n\n<p><sup>5<\/sup> Ibid.<\/p>\n\n\n\n<p><sup>6<\/sup> Kos, <em>Zgodovina morale<\/em>, 62\u201363.<\/p>\n\n\n\n<p><sup>7<\/sup> Kokole et al., <em>Mediterranean Myths<\/em>, 76.<\/p>\n\n\n\n<p><sup>8<\/sup> \u0160tih, \u201cSlavic Settlement and Ethnogenesis\u201d, 83.<\/p>\n\n\n\n<p><sup>9<\/sup> Li\u010den, \u201cNaturwissenschaftler im Triest\u201d, 197.<\/p>\n\n\n\n<p><sup>10<\/sup> De\u017eelak Trojar, \u201cJanez Ludvik Sch\u00f6nleben\u201d, 278.<\/p>\n\n\n\n<p><sup>11<\/sup> Adami\u010d and Adami\u010d Levart, \u201cBiografija Bojana Adami\u010da\u201d.<\/p>\n\n\n\n<p><\/p>\n","protected":false},"excerpt":{"rendered":"<p>INSTRUCTIONS TO LECTURERS WHO WISH TO PUBLISH THEIR LECTURES AS ARTICLES Typescripts should be written in MS Word format (font Times New Roman, size 12, line spacing 1,5). The text [&hellip;]<\/p>\n","protected":false},"author":7,"featured_media":0,"parent":0,"menu_order":0,"comment_status":"closed","ping_status":"closed","template":"","meta":{"_EventAllDay":false,"_EventTimezone":"","_EventStartDate":"","_EventEndDate":"","_EventStartDateUTC":"","_EventEndDateUTC":"","_EventShowMap":false,"_EventShowMapLink":false,"_EventURL":"","_EventCost":"","_EventCostDescription":"","_EventCurrencySymbol":"","_EventCurrencyCode":"","_EventCurrencyPosition":"","_EventDateTimeSeparator":"","_EventTimeRangeSeparator":"","_EventOrganizerID":[],"_EventVenueID":[],"_OrganizerEmail":"","_OrganizerPhone":"","_OrganizerWebsite":"","_VenueAddress":"","_VenueCity":"","_VenueCountry":"","_VenueProvince":"","_VenueState":"","_VenueZip":"","_VenuePhone":"","_VenueURL":"","_VenueStateProvince":"","_VenueLat":"","_VenueLng":"","_VenueShowMap":false,"_VenueShowMapLink":false,"footnotes":""},"class_list":["post-552","page","type-page","status-publish","hentry"],"_links":{"self":[{"href":"https:\/\/hs.zrc-sazu.si\/en\/wp-json\/wp\/v2\/pages\/552","targetHints":{"allow":["GET"]}}],"collection":[{"href":"https:\/\/hs.zrc-sazu.si\/en\/wp-json\/wp\/v2\/pages"}],"about":[{"href":"https:\/\/hs.zrc-sazu.si\/en\/wp-json\/wp\/v2\/types\/page"}],"author":[{"embeddable":true,"href":"https:\/\/hs.zrc-sazu.si\/en\/wp-json\/wp\/v2\/users\/7"}],"replies":[{"embeddable":true,"href":"https:\/\/hs.zrc-sazu.si\/en\/wp-json\/wp\/v2\/comments?post=552"}],"version-history":[{"count":3,"href":"https:\/\/hs.zrc-sazu.si\/en\/wp-json\/wp\/v2\/pages\/552\/revisions"}],"predecessor-version":[{"id":681,"href":"https:\/\/hs.zrc-sazu.si\/en\/wp-json\/wp\/v2\/pages\/552\/revisions\/681"}],"wp:attachment":[{"href":"https:\/\/hs.zrc-sazu.si\/en\/wp-json\/wp\/v2\/media?parent=552"}],"curies":[{"name":"wp","href":"https:\/\/api.w.org\/{rel}","templated":true}]}}